{"id":23,"date":"2017-09-20T15:54:24","date_gmt":"2017-09-20T13:54:24","guid":{"rendered":"http:\/\/www.andreas-haensel.de\/?page_id=23"},"modified":"2017-09-28T17:55:51","modified_gmt":"2017-09-28T15:55:51","slug":"impressum","status":"publish","type":"page","link":"https:\/\/www.andreas-haensel.de\/en\/impressum\/","title":{"rendered":"Imprint"},"content":{"rendered":"<p>Andreas Haensel<br \/>\nHauptstra\u00dfe 17<br \/>\n91077 Kleinsendelbach\/Germany<\/p>\n<p>Fon +49 (0) 9126 29 19 95<br \/>\nMobil +49 (0) 176 20 72 55 70<br \/>\nmail@andreas-haensel.de<\/p>\n<h3>Gestaltung, Fotografie &amp; Umsetzung<\/h3>\n<p>nulleinsmedien<br \/>\nChristian Horn<br \/>\nK\u00f6nigstra\u00dfe 57<br \/>\n90762 F\u00fcrth<br \/>\nwww.nulleinsmedien.de<\/p>\n<h3>Urheberrecht<\/h3>\n<p>Die hier abrufbaren Inhalte und Dateien sind urheberrechtlich gesch\u00fctzt und d\u00fcrfen nicht verwendet werden. Eine \u00c4nderung, kommerzielle Nutzung, Weitergabe oder sonstige weitergehende Nutzung stellen einen Urheberrechtsversto\u00df dar.<\/p>\n<h3>Haftungsausschluss (Disclaimer)<\/h3>\n<p>Die bereitgestellten Informationen auf dieser Website wurden sorgf\u00e4ltig gepr\u00fcft und werden regelm\u00e4\u00dfig aktualisiert. Jedoch kann keine Garantie daf\u00fcr \u00dcbernommen werden, dass alle Angaben zu jeder Zeit vollst\u00e4ndig, richtig und in letzter Aktualit\u00e4t dargestellt sind. Dies gilt insbesondere f\u00fcr alle Verbindungen (&#8220;Links&#8221;) zu anderen Websites, auf die direkt oder indirekt verwiesen wird. Alle Angaben k\u00f6nnen ohne vorherige Ank\u00fcndigung ge\u00e4ndert, entfernt oder erg\u00e4nzt werden.<\/p>\n","protected":false},"excerpt":{"rendered":"<p>Andreas Haensel Hauptstra\u00dfe 17 91077 Kleinsendelbach\/Germany Fon +49 (0) 9126 29 19 95 Mobil +49 (0) 176 20 72 55 70 mail@andreas-haensel.de Gestaltung, Fotografie &amp; Umsetzung nulleinsmedien Christian Horn K\u00f6nigstra\u00dfe 57 90762 F\u00fcrth www.nulleinsmedien.de Urheberrecht Die hier abrufbaren Inhalte und Dateien sind urheberrechtlich gesch\u00fctzt und d\u00fcrfen nicht verwendet werden. Eine \u00c4nderung, kommerzielle Nutzung, Weitergabe oder [&hellip;]<\/p>\n","protected":false},"author":1,"featured_media":0,"parent":0,"menu_order":0,"comment_status":"closed","ping_status":"closed","template":"template-page-fullwidth.php","meta":{"footnotes":""},"class_list":["post-23","page","type-page","status-publish","hentry"],"translation":{"provider":"WPGlobus","version":"3.0.0","language":"en","enabled_languages":["de","en"],"languages":{"de":{"title":true,"content":true,"excerpt":false},"en":{"title":true,"content":false,"excerpt":false}}},"yoast_head":"<!-- This site is optimized with the Yoast SEO plugin v26.0 - https:\/\/yoast.com\/wordpress\/plugins\/seo\/ -->\n<title>Imprint - Andreas Haensel<\/title>\n<meta name=\"robots\" content=\"index, follow, max-snippet:-1, max-image-preview:large, max-video-preview:-1\" \/>\n<link rel=\"canonical\" href=\"https:\/\/www.andreas-haensel.de\/en\/impressum\/\" \/>\n<meta property=\"og:locale\" content=\"en_US\" \/>\n<meta property=\"og:type\" content=\"article\" \/>\n<meta property=\"og:title\" content=\"Imprint - Andreas Haensel\" \/>\n<meta property=\"og:url\" content=\"https:\/\/www.andreas-haensel.de\/en\/impressum\/\" \/>\n<meta property=\"og:site_name\" content=\"Andreas Haensel\" \/>\n<meta property=\"article:modified_time\" content=\"2017-09-28T15:55:51+00:00\" \/>\n<meta name=\"twitter:card\" content=\"summary_large_image\" \/>\n<meta name=\"twitter:label1\" content=\"Est. reading time\" \/>\n\t<meta name=\"twitter:data1\" content=\"1 minute\" \/>\n<script type=\"application\/ld+json\" class=\"yoast-schema-graph\">{\"@context\":\"https:\/\/schema.org\",\"@graph\":[{\"@type\":\"WebPage\",\"@id\":\"https:\/\/www.andreas-haensel.de\/en\/impressum\/\",\"url\":\"https:\/\/www.andreas-haensel.de\/en\/impressum\/\",\"name\":\"Imprint - Andreas Haensel\",\"isPartOf\":{\"@id\":\"https:\/\/www.andreas-haensel.de\/#website\"},\"datePublished\":\"2017-09-20T13:54:24+00:00\",\"dateModified\":\"2017-09-28T15:55:51+00:00\",\"breadcrumb\":{\"@id\":\"https:\/\/www.andreas-haensel.de\/en\/impressum\/#breadcrumb\"},\"inLanguage\":\"en-US\",\"potentialAction\":[{\"@type\":\"ReadAction\",\"target\":[\"https:\/\/www.andreas-haensel.de\/en\/impressum\/\"]}]},{\"@type\":\"BreadcrumbList\",\"@id\":\"https:\/\/www.andreas-haensel.de\/en\/impressum\/#breadcrumb\",\"itemListElement\":[{\"@type\":\"ListItem\",\"position\":1,\"name\":\"Startseite\",\"item\":\"https:\/\/www.andreas-haensel.de\/\"},{\"@type\":\"ListItem\",\"position\":2,\"name\":\"Imprint\"}]},{\"@type\":\"WebSite\",\"@id\":\"https:\/\/www.andreas-haensel.de\/#website\",\"url\":\"https:\/\/www.andreas-haensel.de\/\",\"name\":\"Andreas Haensel\",\"description\":\"Geigenbaumeister\",\"publisher\":{\"@id\":\"https:\/\/www.andreas-haensel.de\/#organization\"},\"potentialAction\":[{\"@type\":\"SearchAction\",\"target\":{\"@type\":\"EntryPoint\",\"urlTemplate\":\"https:\/\/www.andreas-haensel.de\/?s={search_term_string}\"},\"query-input\":{\"@type\":\"PropertyValueSpecification\",\"valueRequired\":true,\"valueName\":\"search_term_string\"}}],\"inLanguage\":\"en-US\"},{\"@type\":\"Organization\",\"@id\":\"https:\/\/www.andreas-haensel.de\/#organization\",\"name\":\"Andreas Haensel\",\"url\":\"https:\/\/www.andreas-haensel.de\/\",\"logo\":{\"@type\":\"ImageObject\",\"inLanguage\":\"en-US\",\"@id\":\"https:\/\/www.andreas-haensel.de\/#\/schema\/logo\/image\/\",\"url\":\"https:\/\/www.andreas-haensel.de\/wp-content\/uploads\/2017\/09\/andreas-haensel.png\",\"contentUrl\":\"https:\/\/www.andreas-haensel.de\/wp-content\/uploads\/2017\/09\/andreas-haensel.png\",\"width\":1268,\"height\":150,\"caption\":\"Andreas Haensel\"},\"image\":{\"@id\":\"https:\/\/www.andreas-haensel.de\/#\/schema\/logo\/image\/\"}}]}<\/script>\n<!-- \/ Yoast SEO plugin. -->","yoast_head_json":{"title":"Imprint - Andreas Haensel","robots":{"index":"index","follow":"follow","max-snippet":"max-snippet:-1","max-image-preview":"max-image-preview:large","max-video-preview":"max-video-preview:-1"},"canonical":"https:\/\/www.andreas-haensel.de\/en\/impressum\/","og_locale":"en_US","og_type":"article","og_title":"Imprint - Andreas Haensel","og_url":"https:\/\/www.andreas-haensel.de\/en\/impressum\/","og_site_name":"Andreas Haensel","article_modified_time":"2017-09-28T15:55:51+00:00","twitter_card":"summary_large_image","twitter_misc":{"Est. reading time":"1 minute"},"schema":{"@context":"https:\/\/schema.org","@graph":[{"@type":"WebPage","@id":"https:\/\/www.andreas-haensel.de\/en\/impressum\/","url":"https:\/\/www.andreas-haensel.de\/en\/impressum\/","name":"Imprint - Andreas Haensel","isPartOf":{"@id":"https:\/\/www.andreas-haensel.de\/#website"},"datePublished":"2017-09-20T13:54:24+00:00","dateModified":"2017-09-28T15:55:51+00:00","breadcrumb":{"@id":"https:\/\/www.andreas-haensel.de\/en\/impressum\/#breadcrumb"},"inLanguage":"en-US","potentialAction":[{"@type":"ReadAction","target":["https:\/\/www.andreas-haensel.de\/en\/impressum\/"]}]},{"@type":"BreadcrumbList","@id":"https:\/\/www.andreas-haensel.de\/en\/impressum\/#breadcrumb","itemListElement":[{"@type":"ListItem","position":1,"name":"Startseite","item":"https:\/\/www.andreas-haensel.de\/"},{"@type":"ListItem","position":2,"name":"Imprint"}]},{"@type":"WebSite","@id":"https:\/\/www.andreas-haensel.de\/#website","url":"https:\/\/www.andreas-haensel.de\/","name":"Andreas Haensel","description":"Geigenbaumeister","publisher":{"@id":"https:\/\/www.andreas-haensel.de\/#organization"},"potentialAction":[{"@type":"SearchAction","target":{"@type":"EntryPoint","urlTemplate":"https:\/\/www.andreas-haensel.de\/?s={search_term_string}"},"query-input":{"@type":"PropertyValueSpecification","valueRequired":true,"valueName":"search_term_string"}}],"inLanguage":"en-US"},{"@type":"Organization","@id":"https:\/\/www.andreas-haensel.de\/#organization","name":"Andreas Haensel","url":"https:\/\/www.andreas-haensel.de\/","logo":{"@type":"ImageObject","inLanguage":"en-US","@id":"https:\/\/www.andreas-haensel.de\/#\/schema\/logo\/image\/","url":"https:\/\/www.andreas-haensel.de\/wp-content\/uploads\/2017\/09\/andreas-haensel.png","contentUrl":"https:\/\/www.andreas-haensel.de\/wp-content\/uploads\/2017\/09\/andreas-haensel.png","width":1268,"height":150,"caption":"Andreas Haensel"},"image":{"@id":"https:\/\/www.andreas-haensel.de\/#\/schema\/logo\/image\/"}}]}},"_links":{"self":[{"href":"https:\/\/www.andreas-haensel.de\/en\/wp-json\/wp\/v2\/pages\/23","targetHints":{"allow":["GET"]}}],"collection":[{"href":"https:\/\/www.andreas-haensel.de\/en\/wp-json\/wp\/v2\/pages"}],"about":[{"href":"https:\/\/www.andreas-haensel.de\/en\/wp-json\/wp\/v2\/types\/page"}],"author":[{"embeddable":true,"href":"https:\/\/www.andreas-haensel.de\/en\/wp-json\/wp\/v2\/users\/1"}],"replies":[{"embeddable":true,"href":"https:\/\/www.andreas-haensel.de\/en\/wp-json\/wp\/v2\/comments?post=23"}],"version-history":[{"count":6,"href":"https:\/\/www.andreas-haensel.de\/en\/wp-json\/wp\/v2\/pages\/23\/revisions"}],"predecessor-version":[{"id":251,"href":"https:\/\/www.andreas-haensel.de\/en\/wp-json\/wp\/v2\/pages\/23\/revisions\/251"}],"wp:attachment":[{"href":"https:\/\/www.andreas-haensel.de\/en\/wp-json\/wp\/v2\/media?parent=23"}],"curies":[{"name":"wp","href":"https:\/\/api.w.org\/{rel}","templated":true}]}}